{"id":237,"date":"2020-10-13T11:23:34","date_gmt":"2020-10-13T11:23:34","guid":{"rendered":"https:\/\/jupiterx.artbees.net\/handmade-shop\/?page_id=237"},"modified":"2024-11-01T11:41:35","modified_gmt":"2024-11-01T11:41:35","slug":"about","status":"publish","type":"page","link":"https:\/\/staging.krakteau.com\/fr\/about\/","title":{"rendered":"\u00c0 propos"},"content":{"rendered":"<div data-elementor-type=\"wp-page\" data-elementor-id=\"237\" class=\"elementor elementor-237\">\n\t\t\t\t\t\t<section class=\"elementor-section elementor-top-section elementor-element elementor-element-4cc0055 elementor-section-height-min-height elementor-section-boxed elementor-section-height-default elementor-section-items-middle\" data-id=\"4cc0055\" data-element_type=\"section\" data-settings=\"{&quot;jet_parallax_layout_list&quot;:[{&quot;jet_parallax_layout_image&quot;:{&quot;url&quot;:&quot;&quot;,&quot;id&quot;:&quot;&quot;,&quot;size&quot;:&quot;&quot;},&quot;_id&quot;:&quot;48f09ce&quot;,&quot;jet_parallax_layout_image_tablet&quot;:{&quot;url&quot;:&quot;&quot;,&quot;id&quot;:&quot;&quot;,&quot;size&quot;:&quot;&quot;},&quot;jet_parallax_layout_image_mobile&quot;:{&quot;url&quot;:&quot;&quot;,&quot;id&quot;:&quot;&quot;,&quot;size&quot;:&quot;&quot;},&quot;jet_parallax_layout_speed&quot;:{&quot;unit&quot;:&quot;%&quot;,&quot;size&quot;:50,&quot;sizes&quot;:[]},&quot;jet_parallax_layout_type&quot;:&quot;scroll&quot;,&quot;jet_parallax_layout_direction&quot;:null,&quot;jet_parallax_layout_fx_direction&quot;:null,&quot;jet_parallax_layout_z_index&quot;:&quot;&quot;,&quot;jet_parallax_layout_bg_x&quot;:50,&quot;jet_parallax_layout_bg_x_tablet&quot;:&quot;&quot;,&quot;jet_parallax_layout_bg_x_mobile&quot;:&quot;&quot;,&quot;jet_parallax_layout_bg_y&quot;:50,&quot;jet_parallax_layout_bg_y_tablet&quot;:&quot;&quot;,&quot;jet_parallax_layout_bg_y_mobile&quot;:&quot;&quot;,&quot;jet_parallax_layout_bg_size&quot;:&quot;auto&quot;,&quot;jet_parallax_layout_bg_size_tablet&quot;:&quot;&quot;,&quot;jet_parallax_layout_bg_size_mobile&quot;:&quot;&quot;,&quot;jet_parallax_layout_animation_prop&quot;:&quot;transform&quot;,&quot;jet_parallax_layout_on&quot;:[&quot;desktop&quot;,&quot;tablet&quot;]}],&quot;background_background&quot;:&quot;classic&quot;}\">\n\t\t\t\t\t\t<div class=\"elementor-container elementor-column-gap-default\">\n\t\t\t\t\t<div class=\"elementor-column elementor-col-100 elementor-top-column elementor-element elementor-element-51da0c7\" data-id=\"51da0c7\" data-element_type=\"column\">\n\t\t\t<div class=\"elementor-widget-wrap elementor-element-populated\">\n\t\t\t\t\t\t<div class=\"elementor-element elementor-element-bf30074 elementor-align-center elementor-widget elementor-widget-raven-heading\" data-id=\"bf30074\" data-element_type=\"widget\" data-widget_type=\"raven-heading.default\">\n\t\t\t\t<div class=\"elementor-widget-container\">\n\t\t\t\t\t\t\t<div class=\"raven-widget-wrapper\"><h1 class=\"raven-heading raven-heading-h1\"><span class=\"raven-heading-title\">\u00c0 propos<\/span><\/h1><\/div>\n\t\t\t\t\t\t<\/div>\n\t\t\t\t<\/div>\n\t\t\t\t<div class=\"elementor-element elementor-element-27a5d19 elementor-align-center elementor-widget elementor-widget-raven-breadcrumbs\" data-id=\"27a5d19\" data-element_type=\"widget\" data-widget_type=\"raven-breadcrumbs.default\">\n\t\t\t\t<div class=\"elementor-widget-container\">\n\t\t\t\t\t<div class=\"raven-breadcrumbs raven-breadcrumbs-default\"><div class=\"breadcrumb\">\t\t\t\t<div class=\"breadcrumb-item active\" aria-current=\"page\"><span>Accueil<\/span><\/div>\n\n\t\t\t\t<\/div><\/div>\t\t\t\t<\/div>\n\t\t\t\t<\/div>\n\t\t\t\t\t<\/div>\n\t\t<\/div>\n\t\t\t\t\t<\/div>\n\t\t<\/section>\n\t\t<div class=\"elementor-element elementor-element-762e42f e-flex e-con-boxed e-con e-parent\" data-id=\"762e42f\" data-element_type=\"container\" data-settings=\"{&quot;jet_parallax_layout_list&quot;:[]}\">\n\t\t\t\t\t<div class=\"e-con-inner\">\n\t\t<div class=\"elementor-element elementor-element-1f8f119 e-con-full e-flex e-con e-child\" data-id=\"1f8f119\" data-element_type=\"container\" data-settings=\"{&quot;jet_parallax_layout_list&quot;:[]}\">\n\t\t\t\t<div class=\"elementor-element elementor-element-bd98a56 elementor-widget elementor-widget-image\" data-id=\"bd98a56\" data-element_type=\"widget\" data-widget_type=\"image.default\">\n\t\t\t\t<div class=\"elementor-widget-container\">\n\t\t\t\t\t\t\t\t\t\t\t\t\t\t\t<img fetchpriority=\"high\" decoding=\"async\" width=\"1920\" height=\"2560\" src=\"https:\/\/staging.krakteau.com\/wp-content\/uploads\/2024\/10\/IMG_8584-scaled.jpg\" class=\"attachment-full size-full wp-image-583\" alt=\"\" srcset=\"https:\/\/staging.krakteau.com\/wp-content\/uploads\/2024\/10\/IMG_8584-scaled.jpg 1920w, https:\/\/staging.krakteau.com\/wp-content\/uploads\/2024\/10\/IMG_8584-225x300.jpg 225w, https:\/\/staging.krakteau.com\/wp-content\/uploads\/2024\/10\/IMG_8584-768x1024.jpg 768w, https:\/\/staging.krakteau.com\/wp-content\/uploads\/2024\/10\/IMG_8584-1152x1536.jpg 1152w, https:\/\/staging.krakteau.com\/wp-content\/uploads\/2024\/10\/IMG_8584-1536x2048.jpg 1536w, https:\/\/staging.krakteau.com\/wp-content\/uploads\/2024\/10\/IMG_8584-1170x1560.jpg 1170w\" sizes=\"(max-width: 1920px) 100vw, 1920px\" \/>\t\t\t\t\t\t\t\t\t\t\t\t\t\t\t<\/div>\n\t\t\t\t<\/div>\n\t\t\t\t<\/div>\n\t\t<div class=\"elementor-element elementor-element-187d0a8 e-con-full e-flex e-con e-child\" data-id=\"187d0a8\" data-element_type=\"container\" data-settings=\"{&quot;jet_parallax_layout_list&quot;:[]}\">\n\t\t\t\t<div class=\"elementor-element elementor-element-0984913 elementor-widget elementor-widget-text-editor\" data-id=\"0984913\" data-element_type=\"widget\" data-widget_type=\"text-editor.default\">\n\t\t\t\t<div class=\"elementor-widget-container\">\n\t\t\t\t\t\t\t\t\t<p>Je me nomme Arina Krakteau.<\/p><p>J\u2019ai eu l\u2019opportunit\u00e9 de r\u00e9sider dans trois pays distincts : la Russie, la Su\u00e8de et la France. Au cours de treize ann\u00e9es, j\u2019ai \u00e9volu\u00e9 dans l\u2019univers de la mode et de la joaillerie de luxe, tout en poursuivant ma qu\u00eate de beaut\u00e9 \u00e0 travers mes voyages, l\u2019art, la vie quotidienne, l\u2019histoire et la mode. La lecture, l\u2019observation et le visionnage sont des activit\u00e9s que j\u2019affectionne particuli\u00e8rement, mes yeux \u00e9tant en perp\u00e9tuelle recherche d\u2019inspiration.<\/p><p>During the COVID pandemic, I discovered a passion for painting, feeling a strong urge to express myself on canvas. I am particularly drawn to two techniques. The first is a style I refer to as &#8220;8-bit pointillism,&#8221; which involves painting in squares. However, my true favorite is crafting various shapes using silk paper, the same material often used for wrapping products in stores. I collect this paper from my own shopping, as well as from friends and supportive boutiques. I take pride in knowing that this simple act contributes positively to the environment.<\/p><p>Je suis enchant\u00e9e que mon art participe \u00e0 la pr\u00e9servation de la plan\u00e8te en r\u00e9utilisant ce mat\u00e9riau. Mes cr\u00e9ations sont volumineuses, vibrantes et monochromes, et c\u2019est avec une immense joie que je les partage avec le monde.<\/p><p>\u00a0<\/p>\t\t\t\t\t\t\t\t<\/div>\n\t\t\t\t<\/div>\n\t\t\t\t<\/div>\n\t\t\t\t\t<\/div>\n\t\t\t\t<\/div>\n\t\t<div class=\"elementor-element elementor-element-41f3260 e-flex e-con-boxed e-con e-parent\" data-id=\"41f3260\" data-element_type=\"container\" data-settings=\"{&quot;jet_parallax_layout_list&quot;:[]}\">\n\t\t\t\t\t<div class=\"e-con-inner\">\n\t\t\t\t<div class=\"elementor-element elementor-element-96395b4 elementor-widget__width-initial elementor-widget elementor-widget-video\" data-id=\"96395b4\" data-element_type=\"widget\" data-settings=\"{&quot;video_type&quot;:&quot;hosted&quot;,&quot;controls&quot;:&quot;yes&quot;}\" data-widget_type=\"video.default\">\n\t\t\t\t<div class=\"elementor-widget-container\">\n\t\t\t\t\t\t\t<div class=\"e-hosted-video elementor-wrapper elementor-open-inline\">\n\t\t\t\t\t<video class=\"elementor-video\" src=\"https:\/\/staging.krakteau.com\/wp-content\/uploads\/2024\/10\/063a3a347c7445efa49b0525760d4977.mp4\" controls=\"\" preload=\"metadata\" controlslist=\"nodownload\" poster=\"https:\/\/staging.krakteau.com\/wp-content\/uploads\/2024\/10\/329C7998-scaled-e1729709078153.jpg\"><\/video>\n\t\t\t\t<\/div>\n\t\t\t\t\t\t<\/div>\n\t\t\t\t<\/div>\n\t\t\t\t\t<\/div>\n\t\t\t\t<\/div>\n\t\t\t\t<\/div>","protected":false},"excerpt":{"rendered":"<p>About me Home My name is Arina Krakteau. I have had the opportunity to live in three distinct countries: Russia, Sweden, and France, and I spent 13 years working with luxury leather and jewelry brands. My quest for beauty has always driven me, whether through travel, daily experiences, art, or fashion. I am an avid [&hellip;]<\/p>","protected":false},"author":2,"featured_media":0,"parent":0,"menu_order":0,"comment_status":"closed","ping_status":"closed","template":"elementor_header_footer","meta":{"_acf_changed":false,"footnotes":""},"class_list":["post-237","page","type-page","status-publish","hentry"],"acf":[],"_links":{"self":[{"href":"https:\/\/staging.krakteau.com\/fr\/wp-json\/wp\/v2\/pages\/237","targetHints":{"allow":["GET"]}}],"collection":[{"href":"https:\/\/staging.krakteau.com\/fr\/wp-json\/wp\/v2\/pages"}],"about":[{"href":"https:\/\/staging.krakteau.com\/fr\/wp-json\/wp\/v2\/types\/page"}],"author":[{"embeddable":true,"href":"https:\/\/staging.krakteau.com\/fr\/wp-json\/wp\/v2\/users\/2"}],"replies":[{"embeddable":true,"href":"https:\/\/staging.krakteau.com\/fr\/wp-json\/wp\/v2\/comments?post=237"}],"version-history":[{"count":48,"href":"https:\/\/staging.krakteau.com\/fr\/wp-json\/wp\/v2\/pages\/237\/revisions"}],"predecessor-version":[{"id":996,"href":"https:\/\/staging.krakteau.com\/fr\/wp-json\/wp\/v2\/pages\/237\/revisions\/996"}],"wp:attachment":[{"href":"https:\/\/staging.krakteau.com\/fr\/wp-json\/wp\/v2\/media?parent=237"}],"curies":[{"name":"wp","href":"https:\/\/api.w.org\/{rel}","templated":true}]}}